{"id":2356,"date":"2025-09-23T09:37:10","date_gmt":"2025-09-23T09:37:10","guid":{"rendered":"https:\/\/munich-airport-clinic.com\/?page_id=2356"},"modified":"2025-09-23T09:51:45","modified_gmt":"2025-09-23T09:51:45","slug":"accessiblity-statement","status":"publish","type":"page","link":"https:\/\/munich-airport-clinic.com\/en\/accessiblity-statement\/","title":{"rendered":"Accessiblity Statement"},"content":{"rendered":"\n<div class=\"wp-block-stackable-columns stk-block-columns stk-block stk-66609a2 headerblock is-style-stackable_columns is-style-stackable_columns_polygon\" data-block-id=\"66609a2\"><style>.stk-66609a2 {border-color:var(--accent) !important;border-top-width:0px !important;border-right-width:0px !important;border-bottom-width:8px !important;border-left-width:0px !important;margin-top:80px !important;}.stk-66609a2-column{--stk-columns-spacing:0px !important;--stk-column-gap:60px !important;}@media screen and (max-width: 767px){.stk-66609a2 {margin-top:35px !important;}}<\/style><div class=\"stk-row stk-inner-blocks stk-block-content stk-content-align stk-66609a2-column\">\n<div class=\"wp-block-stackable-column stk-block-column stk-column stk-block stk-0a63656\" data-v=\"4\" data-block-id=\"0a63656\"><style>.stk-0a63656-container{margin-top:0px !important;margin-right:0px !important;margin-bottom:0px !important;margin-left:0px !important;}.stk-0a63656 {align-items:center !important;display:flex !important;}<\/style><div class=\"stk-column-wrapper stk-block-column__content stk-container stk-0a63656-container stk--no-background stk--no-padding\"><div class=\"stk-block-content stk-inner-blocks stk-0a63656-inner-blocks\">\n<h1 class=\"wp-block-heading\"><sup>Accessibility <\/sup><br><sup>Statement<\/sup><\/h1>\n\n\n<div class=\"wp-block-paragraph \">\n<p>by Munich Airport Clinic<\/p>\n<\/div>\n\n\n<div class=\"wp-block-stackable-button-group stk-block-button-group stk-block stk-844ad9d\" data-block-id=\"844ad9d\"><div class=\"stk-row stk-inner-blocks stk-block-content stk-button-group\">\n<div class=\"wp-block-stackable-button stk-block-button stk-block stk-03d912b\" data-block-id=\"03d912b\"><style>.stk-03d912b .stk-button{background:var(--accent) !important;border-top-left-radius:10px !important;border-top-right-radius:10px !important;border-bottom-right-radius:10px !important;border-bottom-left-radius:10px !important;}.stk-03d912b .stk-button:hover:after{background:var(--accent-2) !important;opacity:1 !important;}.stk-03d912b .stk-button__inner-text{color:var(--base-3) !important;}<\/style><a class=\"stk-link stk-button stk--hover-effect-darken\" href=\"https:\/\/munich-airport-clinic.com\/en\/contact\/#termin\"><span class=\"has-text-color stk-button__inner-text\">Get in touch<\/span><\/a><\/div>\n<\/div><\/div>\n<\/div><\/div><\/div>\n\n\n\n<div class=\"wp-block-stackable-column stk-block-column stk-column stk--hide-desktop stk--hide-tablet stk--hide-mobile stk-block stk-6d36fe7 stk-block-background stk--has-background-overlay\" data-v=\"4\" data-block-id=\"6d36fe7\"><style>.stk-6d36fe7-container{margin-top:0px !important;margin-right:0px !important;margin-bottom:0px !important;margin-left:0px !important;}.stk-6d36fe7 {background-color:#00000000 !important;background-image:url(https:\/\/munich-airport-clinic.com\/wp-content\/uploads\/2025\/05\/Flughafen-Muenchen.png) !important;background-position:bottom right !important;background-repeat:no-repeat !important;background-size:cover !important;}.stk-6d36fe7:before{background-color:#00000000 !important;opacity:0.5 !important;}<\/style><div class=\"stk-column-wrapper stk-block-column__content stk-container stk-6d36fe7-container stk--no-background stk--no-padding\"><div class=\"stk-block-content stk-inner-blocks stk-6d36fe7-inner-blocks\">\n<div class=\"wp-block-stackable-hero stk-block-hero stk-block stk-fe2841b is-style-default hero-iconbox\" data-v=\"2\" data-block-id=\"fe2841b\"><style>.stk-fe2841b-inner-blocks{justify-content:flex-end !important;align-items:flex-end !important;}.stk-fe2841b {overflow:hidden !important;padding-top:0px !important;padding-right:0px !important;padding-bottom:0px !important;padding-left:0px !important;}.stk-fe2841b .stk-block-hero__content{min-height:500px !important;align-items:center !important;display:flex !important;}<\/style><div class=\"stk-block-hero__content stk-content-align stk-fe2841b-column stk-container stk-fe2841b-container stk--no-background stk--no-padding\"><div class=\"stk-block-content stk-inner-blocks has-text-align-center stk--block-horizontal-flex stk--column-flex stk-fe2841b-inner-blocks\">\n<div class=\"wp-block-stackable-icon-label stk-block-icon-label stk-block stk-4547dc8 stk-block-background\" data-block-id=\"4547dc8\"><style>.stk-4547dc8 .stk-inner-blocks{gap:15px !important;}.stk-4547dc8 {background-color:var(--base-3) !important;border-top-left-radius:10px !important;border-top-right-radius:10px !important;border-bottom-right-radius:10px !important;border-bottom-left-radius:10px !important;overflow:hidden !important;padding-top:10px !important;padding-right:10px !important;padding-bottom:10px !important;padding-left:10px !important;}.stk-4547dc8:before{background-color:var(--base-3) !important;}<\/style><div class=\"stk-row stk-inner-blocks stk-block-content\">\n<div class=\"wp-block-stackable-icon stk-block-icon has-text-align-left stk-block stk-d5aa78f stk-block-background\" data-block-id=\"d5aa78f\"><style>.stk-d5aa78f {background-color:var(--base) !important;border-top-left-radius:8px !important;border-top-right-radius:8px !important;border-bottom-right-radius:8px !important;border-bottom-left-radius:8px !important;overflow:hidden !important;padding-top:20px !important;padding-right:20px !important;padding-bottom:20px !important;padding-left:20px !important;}.stk-d5aa78f:before{background-color:var(--base) !important;}.stk-d5aa78f .stk--svg-wrapper .stk--inner-svg svg:last-child{height:28px !important;width:28px !important;}.stk-d5aa78f .stk--svg-wrapper .stk--inner-svg svg:last-child, .stk-d5aa78f .stk--svg-wrapper .stk--inner-svg svg:last-child :is(g, path, rect, polygon, ellipse){fill:var(--accent) !important;}<\/style><span class=\"stk--svg-wrapper\"><div class=\"stk--inner-svg\"><svg style=\"height:0;width:0\"><defs><linearGradient id=\"linear-gradient-d5aa78f\" x1=\"0\" x2=\"100%\" y1=\"0\" y2=\"0\"><stop offset=\"0%\" style=\"stop-opacity:1;stop-color:var(--linear-gradient-d-5-aa-78-f-color-1)\"><\/stop><stop offset=\"100%\" style=\"stop-opacity:1;stop-color:var(--linear-gradient-d-5-aa-78-f-color-2)\"><\/stop><\/linearGradient><\/defs><\/svg><svg xmlns=\"http:\/\/www.w3.org\/2000\/svg\" viewBox=\"0 0 384 512\" aria-hidden=\"true\" width=\"32\" height=\"32\"><path d=\"M24 0C10.7 0 0 10.7 0 24S10.7 48 24 48h8V67c0 40.3 16 79 44.5 107.5L158.1 256 76.5 337.5C48 366 32 404.7 32 445v19H24c-13.3 0-24 10.7-24 24s10.7 24 24 24H360c13.3 0 24-10.7 24-24s-10.7-24-24-24h-8V445c0-40.3-16-79-44.5-107.5L225.9 256l81.5-81.5C336 146 352 107.3 352 67V48h8c13.3 0 24-10.7 24-24s-10.7-24-24-24H24zM192 289.9l81.5 81.5C293 391 304 417.4 304 445v19H80V445c0-27.6 11-54 30.5-73.5L192 289.9zm0-67.9l-81.5-81.5C91 121 80 94.6 80 67V48H304V67c0 27.6-11 54-30.5 73.5L192 222.1z\"><\/path><\/svg><\/div><\/span><\/div>\n\n\n\n<div class=\"wp-block-stackable-heading stk-block-heading stk-block-heading--v2 stk-block stk-1491bd4\" id=\"strong-100-br-strong-qualitat\" data-block-id=\"1491bd4\"><style>.stk-1491bd4 {padding-top:0px !important;padding-right:0px !important;padding-bottom:0px !important;padding-left:0px !important;margin-top:0px !important;margin-right:0px !important;margin-bottom:0px !important;margin-left:0px !important;}.stk-1491bd4 .stk-block-heading__text{font-size:16px !important;color:var(--accent) !important;}@media screen and (max-width: 1023px){.stk-1491bd4 .stk-block-heading__text{font-size:16px !important;}}<\/style><p class=\"stk-block-heading__text has-text-color\"><strong>100%<br><\/strong>Qualit\u00e4t<\/p><\/div>\n<\/div><\/div>\n\n\n\n<div class=\"wp-block-stackable-icon-label stk-block-icon-label stk-block stk-1e598ad stk-block-background\" data-block-id=\"1e598ad\"><style>.stk-1e598ad .stk-inner-blocks{gap:15px !important;}.stk-1e598ad {background-color:var(--base-3) !important;border-top-left-radius:10px !important;border-top-right-radius:10px !important;border-bottom-right-radius:10px !important;border-bottom-left-radius:10px !important;overflow:hidden !important;padding-top:10px !important;padding-right:10px !important;padding-bottom:10px !important;padding-left:10px !important;}.stk-1e598ad:before{background-color:var(--base-3) !important;}<\/style><div class=\"stk-row stk-inner-blocks stk-block-content\">\n<div class=\"wp-block-stackable-icon stk-block-icon has-text-align-left stk-block stk-96fd424 stk-block-background\" data-block-id=\"96fd424\"><style>.stk-96fd424 {background-color:var(--base) !important;border-top-left-radius:8px !important;border-top-right-radius:8px !important;border-bottom-right-radius:8px !important;border-bottom-left-radius:8px !important;overflow:hidden !important;padding-top:20px !important;padding-right:20px !important;padding-bottom:20px !important;padding-left:20px !important;}.stk-96fd424:before{background-color:var(--base) !important;}.stk-96fd424 .stk--svg-wrapper .stk--inner-svg svg:last-child{height:28px !important;width:28px !important;}.stk-96fd424 .stk--svg-wrapper .stk--inner-svg svg:last-child, .stk-96fd424 .stk--svg-wrapper .stk--inner-svg svg:last-child :is(g, path, rect, polygon, ellipse){fill:var(--accent) !important;}<\/style><span class=\"stk--svg-wrapper\"><div class=\"stk--inner-svg\"><svg style=\"height:0;width:0\"><defs><linearGradient id=\"linear-gradient-96fd424\" x1=\"0\" x2=\"100%\" y1=\"0\" y2=\"0\"><stop offset=\"0%\" style=\"stop-opacity:1;stop-color:var(--linear-gradient-96-fd-424-color-1)\"><\/stop><stop offset=\"100%\" style=\"stop-opacity:1;stop-color:var(--linear-gradient-96-fd-424-color-2)\"><\/stop><\/linearGradient><\/defs><\/svg><svg xmlns=\"http:\/\/www.w3.org\/2000\/svg\" viewBox=\"0 0 384 512\" aria-hidden=\"true\" width=\"32\" height=\"32\"><path d=\"M24 0C10.7 0 0 10.7 0 24S10.7 48 24 48h8V67c0 40.3 16 79 44.5 107.5L158.1 256 76.5 337.5C48 366 32 404.7 32 445v19H24c-13.3 0-24 10.7-24 24s10.7 24 24 24H360c13.3 0 24-10.7 24-24s-10.7-24-24-24h-8V445c0-40.3-16-79-44.5-107.5L225.9 256l81.5-81.5C336 146 352 107.3 352 67V48h8c13.3 0 24-10.7 24-24s-10.7-24-24-24H24zM192 289.9l81.5 81.5C293 391 304 417.4 304 445v19H80V445c0-27.6 11-54 30.5-73.5L192 289.9zm0-67.9l-81.5-81.5C91 121 80 94.6 80 67V48H304V67c0 27.6-11 54-30.5 73.5L192 222.1z\"><\/path><\/svg><\/div><\/span><\/div>\n\n\n\n<div class=\"wp-block-stackable-heading stk-block-heading stk-block-heading--v2 stk-block stk-8dcf1cd\" id=\"strong-120-br-strong-experten\" data-block-id=\"8dcf1cd\"><style>.stk-8dcf1cd {padding-top:0px !important;padding-right:0px !important;padding-bottom:0px !important;padding-left:0px !important;margin-top:0px !important;margin-right:0px !important;margin-bottom:0px !important;margin-left:0px !important;}.stk-8dcf1cd .stk-block-heading__text{font-size:16px !important;color:var(--accent) !important;}@media screen and (max-width: 1023px){.stk-8dcf1cd .stk-block-heading__text{font-size:16px !important;}}<\/style><p class=\"stk-block-heading__text has-text-color\"><strong>120+<br><\/strong>Experten<\/p><\/div>\n<\/div><\/div>\n<\/div><\/div><\/div>\n<\/div><\/div><\/div>\n<\/div><\/div>\n\n\n\n<div style=\"height:100px\" aria-hidden=\"true\" class=\"wp-block-spacer\"><\/div>\n\n\n<div class=\"wp-block-paragraph \">\n<p><strong>MediCare Flughafen M\u00fcnchen Medizinisches Zentrum GmbH &amp; Munich AirportClinic GmbH<\/strong> is commited to making its website accessible, in accordance with the Barrierefreiheitsst\u00e4rkungsgesetz (BFSG) and Barrierefreiheitsst\u00e4rkungsverordnung (BFSGV).<\/p>\n<\/div>\n\n<div class=\"wp-block-paragraph \">\n<p><strong>1. Area<\/strong><br>This accessibility statement applies to:\u00a0<a href=\"https:\/\/medartbeauty.de\/\">https:\/\/munich-airport-clinic.com\/<\/a><\/p>\n<\/div>\n\n<div class=\"wp-block-paragraph \">\n<p><strong>2. Compliance status<\/strong><br>This website is fully compliant with Conformance Level AA of the \u201cWeb Content Accessibility Guidelines \u2013\u00a0<a href=\"https:\/\/www.digitalbarrierefrei.at\/de\/glossar\/web-content-accessibility-guidelines\">WCAG<\/a>\u00a02.1\u201d and the applicable European standard EN 301 549 V3.2.1 (2021-03) according to Directive (EU) 2016\/2102 of the European Parliament and of the Council.<\/p>\n<\/div>\n\n<div class=\"wp-block-paragraph \">\n<p><strong>3. Non-accessible content<\/strong><br>The identified barriers were fully resolved during the audit on September 23, 2025. There are currently no known contents or functions that are not accessible.<\/p>\n<\/div>\n\n<div class=\"wp-block-paragraph \">\n<p><strong>4. Preparation of this accessibility statement<\/strong><br>This statement was prepared on 23. September 2025. This statement was prepared based on an assessment carried out by an external online marketing agency.<br>The statement was last reviewed on 23. September 2025.<\/p>\n<\/div>\n\n<div class=\"wp-block-paragraph \">\n<p><strong>5. Feedback and contact information<\/strong><br>If you encounter any barriers on our website or have suggestions regarding digital accessibility, you can contact us at any time:<br>E-Mail:<a href=\"mailto:hello@medartbeauty.de\"> <\/a><a href=\"mailto:info@munich-airport-clinic.com\">info@munich-airport-clinic.com<\/a><br>Phone:\u00a0<a href=\"tel:+498997563315\"><\/a><a href=\"tel:498997563315\">+49 89 975 633 15<\/a><br>We will review your feedback and get back to you promptly.<\/p>\n<\/div>\n\n<div class=\"wp-block-paragraph \">\n<p><strong>6. Enforcement procedure<\/strong><br>If the response from the above contact is not satisfactory, you may file a complaint with:<\/p>\n<\/div>\n\n<div class=\"wp-block-paragraph \">\n<p>Durchsetzungsstelle f\u00fcr barrierefreie Informationstechnik in Bayern<br>Bayerisches Landesamt f\u00fcr Digitalisierung, Breitband und Vermessung<br>Alexandrastra\u00dfe 4, 80538 M\u00fcnchen<br>Webseite:&nbsp;<a href=\"https:\/\/www.ldbv.bayern.de\/digitalisierung\/bitv\/index.html\">https:\/\/www.ldbv.bayern.de\/digitalisierung\/bitv\/index.html<\/a><br>E-Mail:&nbsp;<a href=\"mailto:durchsetzungsstelle-barrierefreiheit@bayern.de\">durchsetzungsstelle-barrierefreiheit@bayern.de<\/a><\/p>\n<\/div>","protected":false},"excerpt":{"rendered":"<p>Accessibility Statement by Munich Airport Clinic Get in touch 100%Qualit\u00e4t 120+Experten MediCare Flughafen M\u00fcnchen Medizinisches Zentrum GmbH &amp; Munich AirportClinic GmbH is commited to making its website accessible, in accordance with the Barrierefreiheitsst\u00e4rkungsgesetz (BFSG) and Barrierefreiheitsst\u00e4rkungsverordnung (BFSGV). 1. AreaThis accessibility statement applies to:\u00a0https:\/\/munich-airport-clinic.com\/ 2. Compliance statusThis website is fully compliant with Conformance Level AA of &#8230; <a title=\"Accessiblity Statement\" class=\"read-more\" href=\"https:\/\/munich-airport-clinic.com\/en\/accessiblity-statement\/\" aria-label=\"Read more about Accessiblity Statement\">Read more<\/a><\/p>\n","protected":false},"author":1,"featured_media":0,"parent":0,"menu_order":2,"comment_status":"closed","ping_status":"closed","template":"","meta":{"footnotes":""},"class_list":["post-2356","page","type-page","status-publish"],"yoast_head":"<!-- This site is optimized with the Yoast SEO plugin v26.9 - https:\/\/yoast.com\/product\/yoast-seo-wordpress\/ -->\n<title>Accessiblity Statement - Munich Airport Clinic<\/title>\n<meta name=\"robots\" content=\"index, follow, max-snippet:-1, max-image-preview:large, max-video-preview:-1\" \/>\n<link rel=\"canonical\" href=\"https:\/\/munich-airport-clinic.com\/en\/accessiblity-statement\/\" \/>\n<meta property=\"og:locale\" content=\"en_US\" \/>\n<meta property=\"og:type\" content=\"article\" \/>\n<meta property=\"og:title\" content=\"Accessiblity Statement - Munich Airport Clinic\" \/>\n<meta property=\"og:description\" content=\"Accessibility Statement by Munich Airport Clinic Get in touch 100%Qualit\u00e4t 120+Experten MediCare Flughafen M\u00fcnchen Medizinisches Zentrum GmbH &amp; Munich AirportClinic GmbH is commited to making its website accessible, in accordance with the Barrierefreiheitsst\u00e4rkungsgesetz (BFSG) and Barrierefreiheitsst\u00e4rkungsverordnung (BFSGV). 1. AreaThis accessibility statement applies to:\u00a0https:\/\/munich-airport-clinic.com\/ 2. Compliance statusThis website is fully compliant with Conformance Level AA of ... Read more\" \/>\n<meta property=\"og:url\" content=\"https:\/\/munich-airport-clinic.com\/en\/accessiblity-statement\/\" \/>\n<meta property=\"og:site_name\" content=\"Munich Airport Clinic\" \/>\n<meta property=\"article:modified_time\" content=\"2025-09-23T09:51:45+00:00\" \/>\n<meta name=\"twitter:card\" content=\"summary_large_image\" \/>\n<meta name=\"twitter:label1\" content=\"Est. reading time\" \/>\n\t<meta name=\"twitter:data1\" content=\"1 minute\" \/>\n<!-- \/ Yoast SEO plugin. -->","yoast_head_json":{"title":"Accessiblity Statement - Munich Airport Clinic","robots":{"index":"index","follow":"follow","max-snippet":"max-snippet:-1","max-image-preview":"max-image-preview:large","max-video-preview":"max-video-preview:-1"},"canonical":"https:\/\/munich-airport-clinic.com\/en\/accessiblity-statement\/","og_locale":"en_US","og_type":"article","og_title":"Accessiblity Statement - Munich Airport Clinic","og_description":"Accessibility Statement by Munich Airport Clinic Get in touch 100%Qualit\u00e4t 120+Experten MediCare Flughafen M\u00fcnchen Medizinisches Zentrum GmbH &amp; Munich AirportClinic GmbH is commited to making its website accessible, in accordance with the Barrierefreiheitsst\u00e4rkungsgesetz (BFSG) and Barrierefreiheitsst\u00e4rkungsverordnung (BFSGV). 1. AreaThis accessibility statement applies to:\u00a0https:\/\/munich-airport-clinic.com\/ 2. Compliance statusThis website is fully compliant with Conformance Level AA of ... Read more","og_url":"https:\/\/munich-airport-clinic.com\/en\/accessiblity-statement\/","og_site_name":"Munich Airport Clinic","article_modified_time":"2025-09-23T09:51:45+00:00","twitter_card":"summary_large_image","twitter_misc":{"Est. reading time":"1 minute"},"schema":{"@context":"https:\/\/schema.org","@graph":[{"@type":"WebPage","@id":"https:\/\/munich-airport-clinic.com\/en\/accessiblity-statement\/","url":"https:\/\/munich-airport-clinic.com\/en\/accessiblity-statement\/","name":"Accessiblity Statement - Munich Airport Clinic","isPartOf":{"@id":"https:\/\/munich-airport-clinic.com\/en\/#website"},"datePublished":"2025-09-23T09:37:10+00:00","dateModified":"2025-09-23T09:51:45+00:00","breadcrumb":{"@id":"https:\/\/munich-airport-clinic.com\/en\/accessiblity-statement\/#breadcrumb"},"inLanguage":"en-US","potentialAction":[{"@type":"ReadAction","target":["https:\/\/munich-airport-clinic.com\/en\/accessiblity-statement\/"]}]},{"@type":"BreadcrumbList","@id":"https:\/\/munich-airport-clinic.com\/en\/accessiblity-statement\/#breadcrumb","itemListElement":[{"@type":"ListItem","position":1,"name":"Startseite","item":"https:\/\/munich-airport-clinic.com\/en\/"},{"@type":"ListItem","position":2,"name":"Accessiblity Statement"}]},{"@type":"WebSite","@id":"https:\/\/munich-airport-clinic.com\/en\/#website","url":"https:\/\/munich-airport-clinic.com\/en\/","name":"Munich Airport Clinic","description":"","publisher":{"@id":"https:\/\/munich-airport-clinic.com\/en\/#organization"},"potentialAction":[{"@type":"SearchAction","target":{"@type":"EntryPoint","urlTemplate":"https:\/\/munich-airport-clinic.com\/en\/?s={search_term_string}"},"query-input":{"@type":"PropertyValueSpecification","valueRequired":true,"valueName":"search_term_string"}}],"inLanguage":"en-US"},{"@type":"Organization","@id":"https:\/\/munich-airport-clinic.com\/en\/#organization","name":"Munich Airport Clinic","url":"https:\/\/munich-airport-clinic.com\/en\/","logo":{"@type":"ImageObject","inLanguage":"en-US","@id":"https:\/\/munich-airport-clinic.com\/en\/#\/schema\/logo\/image\/","url":"https:\/\/munich-airport-clinic.com\/wp-content\/uploads\/2025\/01\/cropped-logo.png","contentUrl":"https:\/\/munich-airport-clinic.com\/wp-content\/uploads\/2025\/01\/cropped-logo.png","width":512,"height":512,"caption":"Munich Airport Clinic"},"image":{"@id":"https:\/\/munich-airport-clinic.com\/en\/#\/schema\/logo\/image\/"}}]}},"_links":{"self":[{"href":"https:\/\/munich-airport-clinic.com\/en\/wp-json\/wp\/v2\/pages\/2356","targetHints":{"allow":["GET"]}}],"collection":[{"href":"https:\/\/munich-airport-clinic.com\/en\/wp-json\/wp\/v2\/pages"}],"about":[{"href":"https:\/\/munich-airport-clinic.com\/en\/wp-json\/wp\/v2\/types\/page"}],"author":[{"embeddable":true,"href":"https:\/\/munich-airport-clinic.com\/en\/wp-json\/wp\/v2\/users\/1"}],"replies":[{"embeddable":true,"href":"https:\/\/munich-airport-clinic.com\/en\/wp-json\/wp\/v2\/comments?post=2356"}],"version-history":[{"count":2,"href":"https:\/\/munich-airport-clinic.com\/en\/wp-json\/wp\/v2\/pages\/2356\/revisions"}],"predecessor-version":[{"id":2361,"href":"https:\/\/munich-airport-clinic.com\/en\/wp-json\/wp\/v2\/pages\/2356\/revisions\/2361"}],"wp:attachment":[{"href":"https:\/\/munich-airport-clinic.com\/en\/wp-json\/wp\/v2\/media?parent=2356"}],"curies":[{"name":"wp","href":"https:\/\/api.w.org\/{rel}","templated":true}]}}